{"id":1529,"date":"2020-01-21T16:49:21","date_gmt":"2020-01-21T15:49:21","guid":{"rendered":"https:\/\/www.easygo-cee.com\/?post_type=product&#038;p=1529"},"modified":"2023-03-04T10:52:10","modified_gmt":"2023-03-04T09:52:10","slug":"easygo-kiddo-roze","status":"publish","type":"product","link":"https:\/\/www.easygo-cee.com\/ro\/produs\/easygo-kiddo-roze\/","title":{"rendered":"KiDDO"},"content":{"rendered":"","protected":false},"excerpt":{"rendered":"<p>EasyGO KiDDO este trotineta electric\u0103 perfect\u0103 pentru tinerii pilo\u021bi. Cu o vitez\u0103 maxim\u0103 de 10 km\/h \u0219i o raz\u0103 de func\u021bionare de 5 km, este perfect\u0103 pentru plimb\u0103ri scurte \u00een ora\u0219. Banda de cauciuc de 5,5 inch a fost conceput\u0103 pentru o tij\u0103 de s\u0103pun, iar puterea motorului de 100 wa\u021bi poate fi generat\u0103 rapid \u0219i rapid. Bine\u00een\u021beles, EasyGO KiDDO nu gole\u0219te stepa de toate celelalte biciclete, a\u0219a c\u0103 te po\u021bi juca mult timp.<\/p>","protected":false},"featured_media":1744,"template":"","meta":{"inline_featured_image":false},"product_cat":[80,58],"product_tag":[59,60,61,62],"class_list":["post-1529","product","type-product","status-publish","has-post-thumbnail","hentry","product_cat-alle-producten","product_cat-elektrische-step-kopen","product_tag-e-bike","product_tag-e-scooter","product_tag-e-step","product_tag-elektrische-step"],"acf":[],"_links":{"self":[{"href":"https:\/\/www.easygo-cee.com\/ro\/wp-json\/wp\/v2\/product\/1529","targetHints":{"allow":["GET"]}}],"collection":[{"href":"https:\/\/www.easygo-cee.com\/ro\/wp-json\/wp\/v2\/product"}],"about":[{"href":"https:\/\/www.easygo-cee.com\/ro\/wp-json\/wp\/v2\/types\/product"}],"wp:featuredmedia":[{"embeddable":true,"href":"https:\/\/www.easygo-cee.com\/ro\/wp-json\/wp\/v2\/media\/1744"}],"wp:attachment":[{"href":"https:\/\/www.easygo-cee.com\/ro\/wp-json\/wp\/v2\/media?parent=1529"}],"wp:term":[{"taxonomy":"product_cat","embeddable":true,"href":"https:\/\/www.easygo-cee.com\/ro\/wp-json\/wp\/v2\/product_cat?post=1529"},{"taxonomy":"product_tag","embeddable":true,"href":"https:\/\/www.easygo-cee.com\/ro\/wp-json\/wp\/v2\/product_tag?post=1529"}],"curies":[{"name":"wp","href":"https:\/\/api.w.org\/{rel}","templated":true}]}}