{"id":15461,"date":"2022-02-15T19:17:03","date_gmt":"2022-02-15T18:17:03","guid":{"rendered":"https:\/\/www.easygo-cee.com\/product\/wind-goo-b3-zwart-copy\/"},"modified":"2023-04-06T07:38:49","modified_gmt":"2023-04-06T05:38:49","slug":"e-move-b3","status":"publish","type":"product","link":"https:\/\/www.easygo-cee.com\/ro\/produs\/e-move-b3\/","title":{"rendered":"e-MoVE B3"},"content":{"rendered":"","protected":false},"excerpt":{"rendered":"<p>Dup\u0103 mult timp, a\u021bi c\u0103utat o treapt\u0103 electric\u0103 ieftin\u0103 \u0219i puternic\u0103 cu zadel? Acum pute\u021bi ob\u021bine Alucard B3! Treapta electric\u0103 premium are un motor puternic de 350 wa\u021bi, care are o vitez\u0103 maxim\u0103 de 25 km\/h. Are \u0219i benzi de aer mari de 12 inch, care se tem de o u\u0219oar\u0103 \u00eentindere. Cu o raz\u0103 de operare de p\u00e2n\u0103 la 45 km pe o scar\u0103 mare, pute\u021bi rata cu u\u0219urin\u021b\u0103 tot felul de rute noi. Acum, c\u0103 deplasarea se face \u00een weekend, Alucard B3 este treapta electric\u0103 perfect\u0103 pentru toat\u0103 lumea.<\/p>","protected":false},"featured_media":30365,"template":"","meta":{"inline_featured_image":false},"product_cat":[80,159,58],"product_tag":[59,60,61,62],"class_list":["post-15461","product","type-product","status-publish","has-post-thumbnail","hentry","product_cat-alle-producten","product_cat-elektrische-fiets","product_cat-elektrische-step-kopen","product_tag-e-bike","product_tag-e-scooter","product_tag-e-step","product_tag-elektrische-step"],"acf":[],"_links":{"self":[{"href":"https:\/\/www.easygo-cee.com\/ro\/wp-json\/wp\/v2\/product\/15461","targetHints":{"allow":["GET"]}}],"collection":[{"href":"https:\/\/www.easygo-cee.com\/ro\/wp-json\/wp\/v2\/product"}],"about":[{"href":"https:\/\/www.easygo-cee.com\/ro\/wp-json\/wp\/v2\/types\/product"}],"wp:featuredmedia":[{"embeddable":true,"href":"https:\/\/www.easygo-cee.com\/ro\/wp-json\/wp\/v2\/media\/30365"}],"wp:attachment":[{"href":"https:\/\/www.easygo-cee.com\/ro\/wp-json\/wp\/v2\/media?parent=15461"}],"wp:term":[{"taxonomy":"product_cat","embeddable":true,"href":"https:\/\/www.easygo-cee.com\/ro\/wp-json\/wp\/v2\/product_cat?post=15461"},{"taxonomy":"product_tag","embeddable":true,"href":"https:\/\/www.easygo-cee.com\/ro\/wp-json\/wp\/v2\/product_tag?post=15461"}],"curies":[{"name":"wp","href":"https:\/\/api.w.org\/{rel}","templated":true}]}}