{"id":1679,"date":"2020-02-05T19:23:04","date_gmt":"2020-02-05T18:23:04","guid":{"rendered":"https:\/\/www.easygo-cee.com\/?post_type=product&#038;p=1679"},"modified":"2023-03-14T10:00:57","modified_gmt":"2023-03-14T09:00:57","slug":"easygo-x-treme-zwart","status":"publish","type":"product","link":"https:\/\/www.easygo-cee.com\/ro\/produs\/easygo-x-treme-zwart\/","title":{"rendered":"X-TREME"},"content":{"rendered":"","protected":false},"excerpt":{"rendered":"<p>Dac\u0103 ai o trotinet\u0103 electric\u0103 ce poate fi utilizat\u0103 la un nivel superior, po\u021bi folosi acum EasyGO X-TREME. Trotineta are o vitez\u0103 maxim\u0103 de 35 km\/h \u0219i o raz\u0103 de ac\u021bionare de 30 km, a\u0219a c\u0103 o po\u021bi face peste tot. De asemenea, are un motor de 500 wa\u021bi \u0219i curele de honuire de 8 inch pentru o plimbare lin\u0103.<\/p>","protected":false},"featured_media":1742,"template":"","meta":{"inline_featured_image":false},"product_cat":[80,58],"product_tag":[59,60,61,62],"class_list":["post-1679","product","type-product","status-publish","has-post-thumbnail","hentry","product_cat-alle-producten","product_cat-elektrische-step-kopen","product_tag-e-bike","product_tag-e-scooter","product_tag-e-step","product_tag-elektrische-step"],"acf":[],"_links":{"self":[{"href":"https:\/\/www.easygo-cee.com\/ro\/wp-json\/wp\/v2\/product\/1679","targetHints":{"allow":["GET"]}}],"collection":[{"href":"https:\/\/www.easygo-cee.com\/ro\/wp-json\/wp\/v2\/product"}],"about":[{"href":"https:\/\/www.easygo-cee.com\/ro\/wp-json\/wp\/v2\/types\/product"}],"wp:featuredmedia":[{"embeddable":true,"href":"https:\/\/www.easygo-cee.com\/ro\/wp-json\/wp\/v2\/media\/1742"}],"wp:attachment":[{"href":"https:\/\/www.easygo-cee.com\/ro\/wp-json\/wp\/v2\/media?parent=1679"}],"wp:term":[{"taxonomy":"product_cat","embeddable":true,"href":"https:\/\/www.easygo-cee.com\/ro\/wp-json\/wp\/v2\/product_cat?post=1679"},{"taxonomy":"product_tag","embeddable":true,"href":"https:\/\/www.easygo-cee.com\/ro\/wp-json\/wp\/v2\/product_tag?post=1679"}],"curies":[{"name":"wp","href":"https:\/\/api.w.org\/{rel}","templated":true}]}}