{"id":17139,"date":"2022-03-31T17:48:43","date_gmt":"2022-03-31T15:48:43","guid":{"rendered":"https:\/\/www.easygo-cee.com\/?post_type=product&#038;p=17139"},"modified":"2023-03-23T09:50:41","modified_gmt":"2023-03-23T08:50:41","slug":"d4yu-e-pro","status":"publish","type":"product","link":"https:\/\/www.easygo-cee.com\/ro\/produs\/d4yu-e-pro\/","title":{"rendered":"D4YU e-PRO"},"content":{"rendered":"","protected":false},"excerpt":{"rendered":"<p>D4YU e-PRO este trotineta electric\u0103 perfect\u0103 pentru oricine are o vitez\u0103 de 25 km\/h \u00een afara ora\u0219ului. Este echipat\u0103 cu un motor puternic de 350 wa\u021bi, care are un pu\u021b mare \u0219i o autonomie maxim\u0103 de 60 km, iar o scar\u0103 mare pentru copii este perfect\u0103 pentru construc\u021bia de ateliere. \u00cen plus, D4YU e-PRO este echipat\u0103 cu benzi de aer de 14\u2033 pentru o tij\u0103 de sup\u0103, perfect\u0103 pentru drum.<\/p>","protected":false},"featured_media":3278,"template":"","meta":{"inline_featured_image":false},"product_cat":[80,159,58],"product_tag":[59,60,61,62],"class_list":["post-17139","product","type-product","status-publish","has-post-thumbnail","hentry","product_cat-alle-producten","product_cat-elektrische-fiets","product_cat-elektrische-step-kopen","product_tag-e-bike","product_tag-e-scooter","product_tag-e-step","product_tag-elektrische-step"],"acf":[],"_links":{"self":[{"href":"https:\/\/www.easygo-cee.com\/ro\/wp-json\/wp\/v2\/product\/17139","targetHints":{"allow":["GET"]}}],"collection":[{"href":"https:\/\/www.easygo-cee.com\/ro\/wp-json\/wp\/v2\/product"}],"about":[{"href":"https:\/\/www.easygo-cee.com\/ro\/wp-json\/wp\/v2\/types\/product"}],"wp:featuredmedia":[{"embeddable":true,"href":"https:\/\/www.easygo-cee.com\/ro\/wp-json\/wp\/v2\/media\/3278"}],"wp:attachment":[{"href":"https:\/\/www.easygo-cee.com\/ro\/wp-json\/wp\/v2\/media?parent=17139"}],"wp:term":[{"taxonomy":"product_cat","embeddable":true,"href":"https:\/\/www.easygo-cee.com\/ro\/wp-json\/wp\/v2\/product_cat?post=17139"},{"taxonomy":"product_tag","embeddable":true,"href":"https:\/\/www.easygo-cee.com\/ro\/wp-json\/wp\/v2\/product_tag?post=17139"}],"curies":[{"name":"wp","href":"https:\/\/api.w.org\/{rel}","templated":true}]}}