{"id":17607,"date":"2022-04-14T09:25:34","date_gmt":"2022-04-14T07:25:34","guid":{"rendered":"https:\/\/www.easygo-cee.com\/product\/dyu-d3-copy\/"},"modified":"2023-03-14T09:53:22","modified_gmt":"2023-03-14T08:53:22","slug":"ienyrid-v1-turbo","status":"publish","type":"product","link":"https:\/\/www.easygo-cee.com\/ro\/produs\/ienyrid-v1-turbo\/","title":{"rendered":"iENYRID V1-TURBO"},"content":{"rendered":"","protected":false},"excerpt":{"rendered":"<p>iENYRID V1-TURBO este modelul electric perfect pentru ambele dispozitive \u0219i este rapid \u0219i eficient. Cu o vitez\u0103 maxim\u0103 de 45 km\/h, acest model este perfect pentru orice vitez\u0103 din punctul A \u00een punctul B. Bovendien ofer\u0103 motorul de 500 wa\u021bi care reduce zgomotul at\u00e2t de la pante, c\u00e2t \u0219i de la urcarea terenului accidentat. Raza de operare de 55 km se bazeaz\u0103 pe motorul V1 turbo, care poate fi g\u0103sit pe multe altele de pe pia\u021b\u0103. Benzile de aer de 14 inch sunt prev\u0103zute cu fant\u0103 pentru o plimbare confortabil\u0103 \u0219i o stabilitate excelent\u0103.<\/p>","protected":false},"featured_media":17646,"template":"","meta":{"inline_featured_image":false},"product_cat":[80,159,58],"product_tag":[59,60,61,62],"class_list":["post-17607","product","type-product","status-publish","has-post-thumbnail","hentry","product_cat-alle-producten","product_cat-elektrische-fiets","product_cat-elektrische-step-kopen","product_tag-e-bike","product_tag-e-scooter","product_tag-e-step","product_tag-elektrische-step"],"acf":[],"_links":{"self":[{"href":"https:\/\/www.easygo-cee.com\/ro\/wp-json\/wp\/v2\/product\/17607","targetHints":{"allow":["GET"]}}],"collection":[{"href":"https:\/\/www.easygo-cee.com\/ro\/wp-json\/wp\/v2\/product"}],"about":[{"href":"https:\/\/www.easygo-cee.com\/ro\/wp-json\/wp\/v2\/types\/product"}],"wp:featuredmedia":[{"embeddable":true,"href":"https:\/\/www.easygo-cee.com\/ro\/wp-json\/wp\/v2\/media\/17646"}],"wp:attachment":[{"href":"https:\/\/www.easygo-cee.com\/ro\/wp-json\/wp\/v2\/media?parent=17607"}],"wp:term":[{"taxonomy":"product_cat","embeddable":true,"href":"https:\/\/www.easygo-cee.com\/ro\/wp-json\/wp\/v2\/product_cat?post=17607"},{"taxonomy":"product_tag","embeddable":true,"href":"https:\/\/www.easygo-cee.com\/ro\/wp-json\/wp\/v2\/product_tag?post=17607"}],"curies":[{"name":"wp","href":"https:\/\/api.w.org\/{rel}","templated":true}]}}