{"id":1974,"date":"2020-02-24T11:51:33","date_gmt":"2020-02-24T10:51:33","guid":{"rendered":"https:\/\/www.easygo-cee.com\/?post_type=product&#038;p=1974"},"modified":"2023-03-14T10:00:43","modified_gmt":"2023-03-14T09:00:43","slug":"wind-goo-b3-zwart","status":"publish","type":"product","link":"https:\/\/www.easygo-cee.com\/ro\/produs\/wind-goo-b3-zwart\/","title":{"rendered":"Windgoo B3"},"content":{"rendered":"","protected":false},"excerpt":{"rendered":"<p>Cau\u021bi cumva de la u\u0219a ora\u0219ului \u00een dou\u0103 locuri? Kijk \u0219i una pe Windgoo B3! Acest scuter mic este perfect pentru livr\u0103ri pe termen scurt. Are o vitez\u0103 de p\u00e2n\u0103 la 25 km\/h \u0219i este cel mai rapid scuter de pe pia\u021b\u0103. Cu o raz\u0103 de operare de 20 km, po\u021bi ob\u021bine \u0219i suficient\u0103 benzin\u0103 pentru a ajunge acolo. \u00cen plus, benzile de aterizare de 12 inch sunt concepute pentru o plimbare pe canapea, chiar dac\u0103 sunt prea accidentate. Te-ai trezit? Cump\u0103r\u0103 acum \u0219i un Windgoo B3!<\/p>","protected":false},"featured_media":4107,"template":"","meta":{"inline_featured_image":false},"product_cat":[80,159,58],"product_tag":[59,60,61,62],"class_list":["post-1974","product","type-product","status-publish","has-post-thumbnail","hentry","product_cat-alle-producten","product_cat-elektrische-fiets","product_cat-elektrische-step-kopen","product_tag-e-bike","product_tag-e-scooter","product_tag-e-step","product_tag-elektrische-step"],"acf":[],"_links":{"self":[{"href":"https:\/\/www.easygo-cee.com\/ro\/wp-json\/wp\/v2\/product\/1974","targetHints":{"allow":["GET"]}}],"collection":[{"href":"https:\/\/www.easygo-cee.com\/ro\/wp-json\/wp\/v2\/product"}],"about":[{"href":"https:\/\/www.easygo-cee.com\/ro\/wp-json\/wp\/v2\/types\/product"}],"wp:featuredmedia":[{"embeddable":true,"href":"https:\/\/www.easygo-cee.com\/ro\/wp-json\/wp\/v2\/media\/4107"}],"wp:attachment":[{"href":"https:\/\/www.easygo-cee.com\/ro\/wp-json\/wp\/v2\/media?parent=1974"}],"wp:term":[{"taxonomy":"product_cat","embeddable":true,"href":"https:\/\/www.easygo-cee.com\/ro\/wp-json\/wp\/v2\/product_cat?post=1974"},{"taxonomy":"product_tag","embeddable":true,"href":"https:\/\/www.easygo-cee.com\/ro\/wp-json\/wp\/v2\/product_tag?post=1974"}],"curies":[{"name":"wp","href":"https:\/\/api.w.org\/{rel}","templated":true}]}}