{"id":21619,"date":"2022-07-07T07:45:21","date_gmt":"2022-07-07T05:45:21","guid":{"rendered":"https:\/\/www.easygo-cee.com\/?post_type=product&#038;p=21619"},"modified":"2023-03-04T10:43:24","modified_gmt":"2023-03-04T09:43:24","slug":"easygo-kiddo-m2","status":"publish","type":"product","link":"https:\/\/www.easygo-cee.com\/ro\/produs\/easygo-kiddo-m2\/","title":{"rendered":"KiDDO M2"},"content":{"rendered":"","protected":false},"excerpt":{"rendered":"<p>Cau\u021bi o trotinet\u0103 electric\u0103 de calitate superioar\u0103, care s\u0103 fie la fel de practic\u0103? Cump\u0103r\u0103 acum EasyGO KiDDO M2! Trotineta are o vitez\u0103 maxim\u0103 de 15 km\/h \u0219i o autonomie de 13 km, ceea ce este perfect\u0103 pentru ora\u0219. Exist\u0103 benzi de cauciuc de 7 inch pentru o \u0219edere confortabil\u0103.<\/p>\n<p>Motorul de 250 wa\u021bi are mult\u0103 putere \u0219i este foarte u\u0219or \u0219i portabil. Trotineta are \u0219i o lantern\u0103 frontal\u0103 LED integrat\u0103, ideal\u0103 pentru ter\u021bi. Cu designul s\u0103u elegant, poate fi folosit\u0103 \u0219i EasyGO KiDDO M2!<\/p>","protected":false},"featured_media":21620,"template":"","meta":{"inline_featured_image":false},"product_cat":[80,58],"product_tag":[59,60,61,62],"class_list":["post-21619","product","type-product","status-publish","has-post-thumbnail","hentry","product_cat-alle-producten","product_cat-elektrische-step-kopen","product_tag-e-bike","product_tag-e-scooter","product_tag-e-step","product_tag-elektrische-step"],"acf":[],"_links":{"self":[{"href":"https:\/\/www.easygo-cee.com\/ro\/wp-json\/wp\/v2\/product\/21619","targetHints":{"allow":["GET"]}}],"collection":[{"href":"https:\/\/www.easygo-cee.com\/ro\/wp-json\/wp\/v2\/product"}],"about":[{"href":"https:\/\/www.easygo-cee.com\/ro\/wp-json\/wp\/v2\/types\/product"}],"wp:featuredmedia":[{"embeddable":true,"href":"https:\/\/www.easygo-cee.com\/ro\/wp-json\/wp\/v2\/media\/21620"}],"wp:attachment":[{"href":"https:\/\/www.easygo-cee.com\/ro\/wp-json\/wp\/v2\/media?parent=21619"}],"wp:term":[{"taxonomy":"product_cat","embeddable":true,"href":"https:\/\/www.easygo-cee.com\/ro\/wp-json\/wp\/v2\/product_cat?post=21619"},{"taxonomy":"product_tag","embeddable":true,"href":"https:\/\/www.easygo-cee.com\/ro\/wp-json\/wp\/v2\/product_tag?post=21619"}],"curies":[{"name":"wp","href":"https:\/\/api.w.org\/{rel}","templated":true}]}}