{"id":2519,"date":"2020-05-06T21:16:02","date_gmt":"2020-05-06T19:16:02","guid":{"rendered":"https:\/\/www.easygo-cee.com\/?post_type=product&#038;p=2519"},"modified":"2023-06-18T08:55:26","modified_gmt":"2023-06-18T06:55:26","slug":"e-move-fatbike","status":"publish","type":"product","link":"https:\/\/www.easygo-cee.com\/ro\/produs\/e-move-fatbike\/","title":{"rendered":"Biciclet\u0103 fatbike e-MoVE"},"content":{"rendered":"","protected":false},"excerpt":{"rendered":"<p>Cau\u021bi o fat bike electric\u0103 care poate fi folosit\u0103 oriunde? Atunci nu te mai deranja cu e-MoVE! Cu o vitez\u0103 maxim\u0103 de 50 km\/h, aceast\u0103 fat bike este perfect\u0103 pentru ora\u0219 sau pentru a te deplasa pe poteci. O fat bike este o biciclet\u0103 cu benzi extra groase. Aceast\u0103 fat bike are o frumoas\u0103 configura\u021bie cu motor retro. Aceasta este o biciclet\u0103 de munte direct\u0103, cu un impuls suplimentar. \u00cen c\u00e2\u021biva ani, fat bike-urile au devenit din ce \u00een ce mai populare \u00een Europa \u0219i acum sunt echipate cu un motor electric. Fatbike e-MoVE este o op\u021biune excelent\u0103 pentru tine ca fat bike electric\u0103. Uiteraard are fat bike-ul cu dou\u0103 benzi groase (altfel dimensiunea fat bike-ului), iar celelalte dou\u0103 ale Fatbike-ului e-MoVE au 10 centimetri l\u0103\u021bime. Prin aceste benzi po\u021bi g\u0103si tot felul de tipuri diferite de teren pe care le ai \u00een general. Deci ai ultimul van duinen, plaja modderilor. Fatbike-ul este echipat cu un tablou de bord pe suport care afi\u0219eaz\u0103 kilometrajul la vitez\u0103 mare ca distan\u021b\u0103 total\u0103 ce poate fi parcurs\u0103. Ei bine, este rapid \u0219i u\u0219or, nivelul bateriei \u0219i tensiunea sunt \u00een timp real.<\/p>","protected":false},"featured_media":27999,"template":"","meta":{"inline_featured_image":false},"product_cat":[80,159,166,260],"product_tag":[59,60,61,62],"class_list":["post-2519","product","type-product","status-publish","has-post-thumbnail","hentry","product_cat-alle-producten","product_cat-elektrische-fiets","product_cat-elektrische-scooter","product_cat-maand-actie","product_tag-e-bike","product_tag-e-scooter","product_tag-e-step","product_tag-elektrische-step"],"acf":[],"_links":{"self":[{"href":"https:\/\/www.easygo-cee.com\/ro\/wp-json\/wp\/v2\/product\/2519","targetHints":{"allow":["GET"]}}],"collection":[{"href":"https:\/\/www.easygo-cee.com\/ro\/wp-json\/wp\/v2\/product"}],"about":[{"href":"https:\/\/www.easygo-cee.com\/ro\/wp-json\/wp\/v2\/types\/product"}],"wp:featuredmedia":[{"embeddable":true,"href":"https:\/\/www.easygo-cee.com\/ro\/wp-json\/wp\/v2\/media\/27999"}],"wp:attachment":[{"href":"https:\/\/www.easygo-cee.com\/ro\/wp-json\/wp\/v2\/media?parent=2519"}],"wp:term":[{"taxonomy":"product_cat","embeddable":true,"href":"https:\/\/www.easygo-cee.com\/ro\/wp-json\/wp\/v2\/product_cat?post=2519"},{"taxonomy":"product_tag","embeddable":true,"href":"https:\/\/www.easygo-cee.com\/ro\/wp-json\/wp\/v2\/product_tag?post=2519"}],"curies":[{"name":"wp","href":"https:\/\/api.w.org\/{rel}","templated":true}]}}