{"id":2580,"date":"2020-05-13T08:53:11","date_gmt":"2020-05-13T06:53:11","guid":{"rendered":"https:\/\/www.easygo-cee.com\/?post_type=product&#038;p=2580"},"modified":"2023-03-14T10:00:08","modified_gmt":"2023-03-14T09:00:08","slug":"e-xtreme-dual70","status":"publish","type":"product","link":"https:\/\/www.easygo-cee.com\/ro\/produs\/e-xtreme-dual70\/","title":{"rendered":"ZERO 10X-PRO"},"content":{"rendered":"","protected":false},"excerpt":{"rendered":"<p>Cau\u021bi o trotinet\u0103 electric\u0103 de top, care poate fi folosit\u0103 oric\u00e2nd, a\u0219a cum vrei? Nu este cazul modelului ZERO 10X-PRO. Cu o vitez\u0103 maxim\u0103 de 70 km\/h, aceast\u0103 trotinet\u0103 este perfect\u0103 pentru ora\u0219ul de oaspe\u021bi sau pentru uz casnic. Motorul de 2000 wa\u021bi are suficient\u0103 putere pentru a func\u021biona rapid, iar benzile de aer de 10 inch pot fi folosite pentru o utilizare u\u0219oar\u0103. Cel mai bun dintre toate este ZERO 10X-PRO, cu o raz\u0103 de ac\u021bionare de p\u00e2n\u0103 la 75 km, deci poate fi utilizat\u0103 mult timp. Nu mai exist\u0103 baterie. De asemenea, po\u021bi comanda ZERO 10X-PRO, iar dispozitivul este practic \u0219i permite utilizarea trotinetelor electrice!<\/p>","protected":false},"featured_media":2587,"template":"","meta":{"inline_featured_image":false},"product_cat":[80,58,260],"product_tag":[59,60,61,62],"class_list":["post-2580","product","type-product","status-publish","has-post-thumbnail","hentry","product_cat-alle-producten","product_cat-elektrische-step-kopen","product_cat-maand-actie","product_tag-e-bike","product_tag-e-scooter","product_tag-e-step","product_tag-elektrische-step"],"acf":[],"_links":{"self":[{"href":"https:\/\/www.easygo-cee.com\/ro\/wp-json\/wp\/v2\/product\/2580","targetHints":{"allow":["GET"]}}],"collection":[{"href":"https:\/\/www.easygo-cee.com\/ro\/wp-json\/wp\/v2\/product"}],"about":[{"href":"https:\/\/www.easygo-cee.com\/ro\/wp-json\/wp\/v2\/types\/product"}],"wp:featuredmedia":[{"embeddable":true,"href":"https:\/\/www.easygo-cee.com\/ro\/wp-json\/wp\/v2\/media\/2587"}],"wp:attachment":[{"href":"https:\/\/www.easygo-cee.com\/ro\/wp-json\/wp\/v2\/media?parent=2580"}],"wp:term":[{"taxonomy":"product_cat","embeddable":true,"href":"https:\/\/www.easygo-cee.com\/ro\/wp-json\/wp\/v2\/product_cat?post=2580"},{"taxonomy":"product_tag","embeddable":true,"href":"https:\/\/www.easygo-cee.com\/ro\/wp-json\/wp\/v2\/product_tag?post=2580"}],"curies":[{"name":"wp","href":"https:\/\/api.w.org\/{rel}","templated":true}]}}