{"id":27942,"date":"2022-11-18T10:52:02","date_gmt":"2022-11-18T09:52:02","guid":{"rendered":"https:\/\/www.easygo-cee.com\/product\/easygo-extreme-zwart-copy-copy\/"},"modified":"2023-03-14T10:09:08","modified_gmt":"2023-03-14T09:09:08","slug":"e-xtreme-dual85","status":"publish","type":"product","link":"https:\/\/www.easygo-cee.com\/ro\/produs\/e-xtreme-dual85\/","title":{"rendered":"e-XTREME DUAL85"},"content":{"rendered":"","protected":false},"excerpt":{"rendered":"<p>Dac\u0103 vrei s\u0103 alegi o trotinet\u0103 electric\u0103 care poate fi folosit\u0103 \u00een continuare? Deci da, atunci x-TREME DUAL85 este trotineta perfect\u0103 pentru tine! Cu o vitez\u0103 maxim\u0103 de 85 km\/h \u0219i o raz\u0103 de ac\u021bionare de 130 km, trotineta nu poate fi folosit\u0103 nic\u0103ieri. Cu un motor de 5600 wa\u021bi, zgomotul este ridicat \u0219i se arde rapid. \u00cen plus, sunt prev\u0103zute benzi de aer de 11 inch pentru o plimbare confortabil\u0103, cu ame\u021beli pe sol. Acum e\u0219ti pe o trotinet\u0103 electric\u0103 cu trac\u021biune pe dou\u0103 ro\u021bi, x-TREME DUAL85 este alegerea perfect\u0103.<\/p>","protected":false},"featured_media":27976,"template":"","meta":{"inline_featured_image":false},"product_cat":[80,58,260],"product_tag":[59,60,61,62],"class_list":["post-27942","product","type-product","status-publish","has-post-thumbnail","hentry","product_cat-alle-producten","product_cat-elektrische-step-kopen","product_cat-maand-actie","product_tag-e-bike","product_tag-e-scooter","product_tag-e-step","product_tag-elektrische-step"],"acf":[],"_links":{"self":[{"href":"https:\/\/www.easygo-cee.com\/ro\/wp-json\/wp\/v2\/product\/27942","targetHints":{"allow":["GET"]}}],"collection":[{"href":"https:\/\/www.easygo-cee.com\/ro\/wp-json\/wp\/v2\/product"}],"about":[{"href":"https:\/\/www.easygo-cee.com\/ro\/wp-json\/wp\/v2\/types\/product"}],"wp:featuredmedia":[{"embeddable":true,"href":"https:\/\/www.easygo-cee.com\/ro\/wp-json\/wp\/v2\/media\/27976"}],"wp:attachment":[{"href":"https:\/\/www.easygo-cee.com\/ro\/wp-json\/wp\/v2\/media?parent=27942"}],"wp:term":[{"taxonomy":"product_cat","embeddable":true,"href":"https:\/\/www.easygo-cee.com\/ro\/wp-json\/wp\/v2\/product_cat?post=27942"},{"taxonomy":"product_tag","embeddable":true,"href":"https:\/\/www.easygo-cee.com\/ro\/wp-json\/wp\/v2\/product_tag?post=27942"}],"curies":[{"name":"wp","href":"https:\/\/api.w.org\/{rel}","templated":true}]}}