{"id":30220,"date":"2023-03-23T11:05:03","date_gmt":"2023-03-23T10:05:03","guid":{"rendered":"https:\/\/www.easygo-cee.com\/?post_type=product&#038;p=30220"},"modified":"2023-07-20T10:12:04","modified_gmt":"2023-07-20T08:12:04","slug":"dual-h10","status":"publish","type":"product","link":"https:\/\/www.easygo-cee.com\/ro\/produs\/dual-h10\/","title":{"rendered":"DUAL H10"},"content":{"rendered":"","protected":false},"excerpt":{"rendered":"<p>DUAL H10 este trotineta electric\u0103 perfect\u0103 pentru cei care \u00ee\u0219i doresc putere \u0219i vitez\u0103 maxime. Cu un motor de 500 wa\u021bi, poate atinge viteze de p\u00e2n\u0103 la 30 km\/rota\u021bie, ceea ce \u00eenseamn\u0103 c\u0103 sunt disponibile cele mai rapide trotinete electrice de pe pia\u021b\u0103. De asemenea, are o autonomie de p\u00e2n\u0103 la 45 km, a\u0219a c\u0103 po\u021bi conduce c\u00e2\u021biva kilometri peste r\u00e2u \u0219i ai suficient\u0103 putere pentru a \u00eenc\u0103rca bateria. Exist\u0103 curele anti-scurgere de 10 inch pentru o aderen\u021b\u0103 \u0219i o stabilitate excelente, chiar \u0219i \u00een condi\u021bii de siguran\u021b\u0103. E\u0219ti pe drumul cel bun c\u0103tre o trotinet\u0103 electric\u0103 rapid\u0103 \u0219i puternic\u0103, pe teren, a\u0219a c\u0103 DUAL H10 este alegerea perfect\u0103 pentru tine.<\/p>","protected":false},"featured_media":30221,"template":"","meta":{"inline_featured_image":false},"product_cat":[80,58,260],"product_tag":[59,60,61,62],"class_list":["post-30220","product","type-product","status-publish","has-post-thumbnail","hentry","product_cat-alle-producten","product_cat-elektrische-step-kopen","product_cat-maand-actie","product_tag-e-bike","product_tag-e-scooter","product_tag-e-step","product_tag-elektrische-step"],"acf":[],"_links":{"self":[{"href":"https:\/\/www.easygo-cee.com\/ro\/wp-json\/wp\/v2\/product\/30220","targetHints":{"allow":["GET"]}}],"collection":[{"href":"https:\/\/www.easygo-cee.com\/ro\/wp-json\/wp\/v2\/product"}],"about":[{"href":"https:\/\/www.easygo-cee.com\/ro\/wp-json\/wp\/v2\/types\/product"}],"wp:featuredmedia":[{"embeddable":true,"href":"https:\/\/www.easygo-cee.com\/ro\/wp-json\/wp\/v2\/media\/30221"}],"wp:attachment":[{"href":"https:\/\/www.easygo-cee.com\/ro\/wp-json\/wp\/v2\/media?parent=30220"}],"wp:term":[{"taxonomy":"product_cat","embeddable":true,"href":"https:\/\/www.easygo-cee.com\/ro\/wp-json\/wp\/v2\/product_cat?post=30220"},{"taxonomy":"product_tag","embeddable":true,"href":"https:\/\/www.easygo-cee.com\/ro\/wp-json\/wp\/v2\/product_tag?post=30220"}],"curies":[{"name":"wp","href":"https:\/\/api.w.org\/{rel}","templated":true}]}}