{"id":30352,"date":"2023-03-30T10:44:34","date_gmt":"2023-03-30T08:44:34","guid":{"rendered":"https:\/\/www.easygo-cee.com\/?post_type=product&#038;p=30352"},"modified":"2023-09-26T08:05:40","modified_gmt":"2023-09-26T06:05:40","slug":"x1-max","status":"publish","type":"product","link":"https:\/\/www.easygo-cee.com\/ro\/produs\/x1-max\/","title":{"rendered":"X1-MAX"},"content":{"rendered":"","protected":false},"excerpt":{"rendered":"<p>Cau\u021bi o trotinet\u0103 electric\u0103 care poate fi folosit\u0103 mereu? Nu o po\u021bi ob\u021bine de la EasyGo X1-MAX! Cu o vitez\u0103 maxim\u0103 de 35 km\/h, aceast\u0103 trotinet\u0103 este perfect\u0103 pentru ora\u0219 sau pentru drume\u021bii. Cu func\u021bii precum anti-scurgere \u0219i pilot automat, nu o vei pierde niciodat\u0103. \u00cenc\u0103 e\u0219ti treaz? Te-ai \u00een\u0219elat cu EasyGo X1-MAX!<\/p>","protected":false},"featured_media":30353,"template":"","meta":{"inline_featured_image":false},"product_cat":[80,58],"product_tag":[59,60,61,62],"class_list":["post-30352","product","type-product","status-publish","has-post-thumbnail","hentry","product_cat-alle-producten","product_cat-elektrische-step-kopen","product_tag-e-bike","product_tag-e-scooter","product_tag-e-step","product_tag-elektrische-step"],"acf":[],"_links":{"self":[{"href":"https:\/\/www.easygo-cee.com\/ro\/wp-json\/wp\/v2\/product\/30352","targetHints":{"allow":["GET"]}}],"collection":[{"href":"https:\/\/www.easygo-cee.com\/ro\/wp-json\/wp\/v2\/product"}],"about":[{"href":"https:\/\/www.easygo-cee.com\/ro\/wp-json\/wp\/v2\/types\/product"}],"wp:featuredmedia":[{"embeddable":true,"href":"https:\/\/www.easygo-cee.com\/ro\/wp-json\/wp\/v2\/media\/30353"}],"wp:attachment":[{"href":"https:\/\/www.easygo-cee.com\/ro\/wp-json\/wp\/v2\/media?parent=30352"}],"wp:term":[{"taxonomy":"product_cat","embeddable":true,"href":"https:\/\/www.easygo-cee.com\/ro\/wp-json\/wp\/v2\/product_cat?post=30352"},{"taxonomy":"product_tag","embeddable":true,"href":"https:\/\/www.easygo-cee.com\/ro\/wp-json\/wp\/v2\/product_tag?post=30352"}],"curies":[{"name":"wp","href":"https:\/\/api.w.org\/{rel}","templated":true}]}}