{"id":31556,"date":"2023-05-15T10:10:50","date_gmt":"2023-05-15T08:10:50","guid":{"rendered":"https:\/\/www.easygo-cee.com\/?post_type=product&#038;p=31556"},"modified":"2023-05-30T09:03:19","modified_gmt":"2023-05-30T07:03:19","slug":"e-30-max-pro","status":"publish","type":"product","link":"https:\/\/www.easygo-cee.com\/ro\/produs\/e-30-max-pro\/","title":{"rendered":"e-30 MAX-PRO"},"content":{"rendered":"","protected":false},"excerpt":{"rendered":"<p>E-30 MAX-PRO este trotineta electric\u0103 perfect\u0103 pentru putere \u0219i vitez\u0103 maxim\u0103. Cu un motor de 500 wa\u021bi, poate atinge o vitez\u0103 de p\u00e2n\u0103 la 33 km\/r, ceea ce \u00eenseamn\u0103 c\u0103 sunt disponibile cele mai rapide trotinete electrice de pe pia\u021b\u0103. De asemenea, are o autonomie de p\u00e2n\u0103 la 65 km, at\u00e2t de mul\u021bi kilometri \u00een toat\u0103 \u021bara \u00eenc\u00e2t abia a\u0219tep\u021bi s\u0103 \u00eencarci bateria. Exist\u0103 curele anti-scurgere de 10 inch \u0219i protec\u021bie hidraulic\u0103 pentru o bun\u0103 aderen\u021b\u0103 \u0219i stabilitate, din motive de siguran\u021b\u0103. Acum te afli pe o trotinet\u0103 electric\u0103 rapid\u0103 \u0219i puternic\u0103, atunci E-30 MAX-PRO este alegerea perfect\u0103 pentru tine. Las\u0103 modelul disponibil pentru vizionare (fotografiile produsului sunt disponibile). Modelul cu conexiune spate se nume\u0219te DUAL E-MAX+.<\/p>","protected":false},"featured_media":32011,"template":"","meta":{"inline_featured_image":false},"product_cat":[80,58,260],"product_tag":[59,60,61,62],"class_list":["post-31556","product","type-product","status-publish","has-post-thumbnail","hentry","product_cat-alle-producten","product_cat-elektrische-step-kopen","product_cat-maand-actie","product_tag-e-bike","product_tag-e-scooter","product_tag-e-step","product_tag-elektrische-step"],"acf":[],"_links":{"self":[{"href":"https:\/\/www.easygo-cee.com\/ro\/wp-json\/wp\/v2\/product\/31556","targetHints":{"allow":["GET"]}}],"collection":[{"href":"https:\/\/www.easygo-cee.com\/ro\/wp-json\/wp\/v2\/product"}],"about":[{"href":"https:\/\/www.easygo-cee.com\/ro\/wp-json\/wp\/v2\/types\/product"}],"wp:featuredmedia":[{"embeddable":true,"href":"https:\/\/www.easygo-cee.com\/ro\/wp-json\/wp\/v2\/media\/32011"}],"wp:attachment":[{"href":"https:\/\/www.easygo-cee.com\/ro\/wp-json\/wp\/v2\/media?parent=31556"}],"wp:term":[{"taxonomy":"product_cat","embeddable":true,"href":"https:\/\/www.easygo-cee.com\/ro\/wp-json\/wp\/v2\/product_cat?post=31556"},{"taxonomy":"product_tag","embeddable":true,"href":"https:\/\/www.easygo-cee.com\/ro\/wp-json\/wp\/v2\/product_tag?post=31556"}],"curies":[{"name":"wp","href":"https:\/\/api.w.org\/{rel}","templated":true}]}}