{"id":3267,"date":"2020-06-19T19:10:54","date_gmt":"2020-06-19T17:10:54","guid":{"rendered":"https:\/\/www.easygo-cee.com\/?post_type=product&#038;p=3267"},"modified":"2023-03-23T09:43:09","modified_gmt":"2023-03-23T08:43:09","slug":"d4yu-e-pro-2","status":"publish","type":"product","link":"https:\/\/www.easygo-cee.com\/ro\/produs\/d4yu-e-pro-2\/","title":{"rendered":"D4YU e-PRO+"},"content":{"rendered":"","protected":false},"excerpt":{"rendered":"<p>Dup\u0103 mult timp, a\u021bi c\u0103utat o treapt\u0103 electric\u0103 performant\u0103 \u0219i cu trape? Acum pute\u021bi vedea D4YU e-PRO+! Treapta electric\u0103 premium are un motor puternic de 350 wa\u021bi, care are o vitez\u0103 maxim\u0103 de 25 km\/h. Are \u0219i benzi de aer mari de 14 inch, care se tem de o u\u0219oar\u0103 \u00eentindere. Cu o raz\u0103 de ac\u021biune de p\u00e2n\u0103 la 60 km pe o scar\u0103 mare, nu pute\u021bi dec\u00e2t s\u0103 uita\u021bi de tot felul de rute noi. Acum, c\u0103 treaba se \u00eendreapt\u0103 spre weekend, D4YU e-PRO+ este treapta electric\u0103 perfect\u0103 pentru toat\u0103 lumea.<\/p>","protected":false},"featured_media":3278,"template":"","meta":{"inline_featured_image":false},"product_cat":[80,159,58],"product_tag":[59,60,61,62],"class_list":["post-3267","product","type-product","status-publish","has-post-thumbnail","hentry","product_cat-alle-producten","product_cat-elektrische-fiets","product_cat-elektrische-step-kopen","product_tag-e-bike","product_tag-e-scooter","product_tag-e-step","product_tag-elektrische-step"],"acf":[],"_links":{"self":[{"href":"https:\/\/www.easygo-cee.com\/ro\/wp-json\/wp\/v2\/product\/3267","targetHints":{"allow":["GET"]}}],"collection":[{"href":"https:\/\/www.easygo-cee.com\/ro\/wp-json\/wp\/v2\/product"}],"about":[{"href":"https:\/\/www.easygo-cee.com\/ro\/wp-json\/wp\/v2\/types\/product"}],"wp:featuredmedia":[{"embeddable":true,"href":"https:\/\/www.easygo-cee.com\/ro\/wp-json\/wp\/v2\/media\/3278"}],"wp:attachment":[{"href":"https:\/\/www.easygo-cee.com\/ro\/wp-json\/wp\/v2\/media?parent=3267"}],"wp:term":[{"taxonomy":"product_cat","embeddable":true,"href":"https:\/\/www.easygo-cee.com\/ro\/wp-json\/wp\/v2\/product_cat?post=3267"},{"taxonomy":"product_tag","embeddable":true,"href":"https:\/\/www.easygo-cee.com\/ro\/wp-json\/wp\/v2\/product_tag?post=3267"}],"curies":[{"name":"wp","href":"https:\/\/api.w.org\/{rel}","templated":true}]}}