{"id":4370,"date":"2020-09-11T08:09:33","date_gmt":"2020-09-11T06:09:33","guid":{"rendered":"https:\/\/www.easygo-cee.com\/?post_type=product&#038;p=4370"},"modified":"2023-03-14T09:58:05","modified_gmt":"2023-03-14T08:58:05","slug":"phaewo-x11-pro","status":"publish","type":"product","link":"https:\/\/www.easygo-cee.com\/ro\/produs\/phaewo-x11-pro\/","title":{"rendered":"Phaewo X11-PRO+"},"content":{"rendered":"","protected":false},"excerpt":{"rendered":"<p>\u021ai-ar pl\u0103cea s\u0103 ai o trotinet\u0103 electric\u0103 care nu arat\u0103 grozav ca stil? Nu este cazul modelului Phaewo X11-PRO+. Aceast\u0103 trotinet\u0103 are o vitez\u0103 maxim\u0103 de 25 km\/h \u0219i o raz\u0103 de ac\u021bionare de 25 km, astfel \u00eenc\u00e2t viteza \u0219i deplasarea pot fi atinse c\u00e2t mai repede posibil. De asemenea, are un motor de 350 wa\u021bi, a\u0219a c\u0103 o po\u021bi vedea de pe sol. Exist\u0103 curele de honuire de 8,5 inch pentru o trac\u021biune \u0219i o stabilitate superioare. Desigur, Phaewo X11-PRO+ este trotineta perfect\u0103 pentru ora\u0219 \u0219i pe r\u00e2u. Ai nevoie de mult timp pentru a o folosi!<\/p>","protected":false},"featured_media":4418,"template":"","meta":{"inline_featured_image":false},"product_cat":[80,58],"product_tag":[59,60,61,62],"class_list":["post-4370","product","type-product","status-publish","has-post-thumbnail","hentry","product_cat-alle-producten","product_cat-elektrische-step-kopen","product_tag-e-bike","product_tag-e-scooter","product_tag-e-step","product_tag-elektrische-step"],"acf":[],"_links":{"self":[{"href":"https:\/\/www.easygo-cee.com\/ro\/wp-json\/wp\/v2\/product\/4370","targetHints":{"allow":["GET"]}}],"collection":[{"href":"https:\/\/www.easygo-cee.com\/ro\/wp-json\/wp\/v2\/product"}],"about":[{"href":"https:\/\/www.easygo-cee.com\/ro\/wp-json\/wp\/v2\/types\/product"}],"wp:featuredmedia":[{"embeddable":true,"href":"https:\/\/www.easygo-cee.com\/ro\/wp-json\/wp\/v2\/media\/4418"}],"wp:attachment":[{"href":"https:\/\/www.easygo-cee.com\/ro\/wp-json\/wp\/v2\/media?parent=4370"}],"wp:term":[{"taxonomy":"product_cat","embeddable":true,"href":"https:\/\/www.easygo-cee.com\/ro\/wp-json\/wp\/v2\/product_cat?post=4370"},{"taxonomy":"product_tag","embeddable":true,"href":"https:\/\/www.easygo-cee.com\/ro\/wp-json\/wp\/v2\/product_tag?post=4370"}],"curies":[{"name":"wp","href":"https:\/\/api.w.org\/{rel}","templated":true}]}}