{"id":4391,"date":"2020-09-09T17:37:42","date_gmt":"2020-09-09T15:37:42","guid":{"rendered":"https:\/\/www.easygo-cee.com\/?post_type=product&#038;p=4391"},"modified":"2023-05-25T09:53:18","modified_gmt":"2023-05-25T07:53:18","slug":"easygo-e-30-max-zwart","status":"publish","type":"product","link":"https:\/\/www.easygo-cee.com\/ro\/produs\/easygo-e-30-max-zwart\/","title":{"rendered":"e-30 MAX+"},"content":{"rendered":"","protected":false},"excerpt":{"rendered":"<p>\u00cel po\u021bi muta de la o zi la alta cu noul EasyGO e-30 MAX+. Trotineta electric\u0103 are o vitez\u0103 maxim\u0103 de 33 km\/h \u0219i o raz\u0103 de operare de 65 km, a\u0219a c\u0103 exist\u0103 \u00eentotdeauna probleme. Motorul de 500 wa\u021bi are capacitatea de a trece peste ro\u021bi \u0219i obstacole \u00een barc\u0103, iar banda de aer de 10 inch este folosit\u0103 pentru o suprasolicitare. Desigur, EasyGO e-30 MAX+ este \u00een stare perfect\u0103 la livrare.<\/p>","protected":false},"featured_media":10229,"template":"","meta":{"inline_featured_image":false},"product_cat":[80,58],"product_tag":[59,60,61,62],"class_list":["post-4391","product","type-product","status-publish","has-post-thumbnail","hentry","product_cat-alle-producten","product_cat-elektrische-step-kopen","product_tag-e-bike","product_tag-e-scooter","product_tag-e-step","product_tag-elektrische-step"],"acf":[],"_links":{"self":[{"href":"https:\/\/www.easygo-cee.com\/ro\/wp-json\/wp\/v2\/product\/4391","targetHints":{"allow":["GET"]}}],"collection":[{"href":"https:\/\/www.easygo-cee.com\/ro\/wp-json\/wp\/v2\/product"}],"about":[{"href":"https:\/\/www.easygo-cee.com\/ro\/wp-json\/wp\/v2\/types\/product"}],"wp:featuredmedia":[{"embeddable":true,"href":"https:\/\/www.easygo-cee.com\/ro\/wp-json\/wp\/v2\/media\/10229"}],"wp:attachment":[{"href":"https:\/\/www.easygo-cee.com\/ro\/wp-json\/wp\/v2\/media?parent=4391"}],"wp:term":[{"taxonomy":"product_cat","embeddable":true,"href":"https:\/\/www.easygo-cee.com\/ro\/wp-json\/wp\/v2\/product_cat?post=4391"},{"taxonomy":"product_tag","embeddable":true,"href":"https:\/\/www.easygo-cee.com\/ro\/wp-json\/wp\/v2\/product_tag?post=4391"}],"curies":[{"name":"wp","href":"https:\/\/api.w.org\/{rel}","templated":true}]}}