{"id":5047,"date":"2020-10-26T15:16:24","date_gmt":"2020-10-26T14:16:24","guid":{"rendered":"https:\/\/www.easygo-cee.com\/?post_type=product&#038;p=5047"},"modified":"2022-11-18T11:54:45","modified_gmt":"2022-11-18T10:54:45","slug":"e-move-h10-grijs","status":"publish","type":"product","link":"https:\/\/www.easygo-cee.com\/ro\/produs\/e-move-h10-grijs\/","title":{"rendered":"e-MoVE H10+"},"content":{"rendered":"","protected":false},"excerpt":{"rendered":"<p>Cunoa\u0219tem e-MoVE H10+, trotineta electric\u0103 perfect\u0103 pentru toat\u0103 lumea de pe pia\u021b\u0103, care se livreaz\u0103 rapid \u0219i u\u0219or \u00een ora\u0219. Cu o vitez\u0103 maxim\u0103 de 25 km\/h \u0219i o raz\u0103 de operare de 40 km, e-MoVE H10+ este perfect\u0103 pentru deplas\u0103rile \u00een ora\u0219. Motorul de 500 wa\u021bi este capabil s\u0103 produc\u0103 suficient\u0103 putere, cu benzi de aer de 16 \u0219i 12 inci instalate pentru o c\u0103l\u0103torie confortabil\u0103. Desigur, acum pute\u021bi utiliza o alternativ\u0103 la versiunea deschis\u0103 a dispozitivului \u00eentr-un mod u\u0219or, e-MoVE H10+ fiind solu\u021bia perfect\u0103.<\/p>","protected":false},"featured_media":5063,"template":"","meta":{"inline_featured_image":false},"product_cat":[80,58],"product_tag":[59,60,61,62],"class_list":["post-5047","product","type-product","status-publish","has-post-thumbnail","hentry","product_cat-alle-producten","product_cat-elektrische-step-kopen","product_tag-e-bike","product_tag-e-scooter","product_tag-e-step","product_tag-elektrische-step"],"acf":[],"_links":{"self":[{"href":"https:\/\/www.easygo-cee.com\/ro\/wp-json\/wp\/v2\/product\/5047","targetHints":{"allow":["GET"]}}],"collection":[{"href":"https:\/\/www.easygo-cee.com\/ro\/wp-json\/wp\/v2\/product"}],"about":[{"href":"https:\/\/www.easygo-cee.com\/ro\/wp-json\/wp\/v2\/types\/product"}],"wp:featuredmedia":[{"embeddable":true,"href":"https:\/\/www.easygo-cee.com\/ro\/wp-json\/wp\/v2\/media\/5063"}],"wp:attachment":[{"href":"https:\/\/www.easygo-cee.com\/ro\/wp-json\/wp\/v2\/media?parent=5047"}],"wp:term":[{"taxonomy":"product_cat","embeddable":true,"href":"https:\/\/www.easygo-cee.com\/ro\/wp-json\/wp\/v2\/product_cat?post=5047"},{"taxonomy":"product_tag","embeddable":true,"href":"https:\/\/www.easygo-cee.com\/ro\/wp-json\/wp\/v2\/product_tag?post=5047"}],"curies":[{"name":"wp","href":"https:\/\/api.w.org\/{rel}","templated":true}]}}