{"id":5495,"date":"2020-12-10T09:07:36","date_gmt":"2020-12-10T08:07:36","guid":{"rendered":"https:\/\/www.easygo-cee.com\/product\/easygo-extreme-zwart-copy\/"},"modified":"2023-03-14T10:02:40","modified_gmt":"2023-03-14T09:02:40","slug":"easygo-extreme-zwart-copy","status":"publish","type":"product","link":"https:\/\/www.easygo-cee.com\/ro\/produs\/easygo-extreme-zwart-copy\/","title":{"rendered":"ZERO 11X-EXTREME"},"content":{"rendered":"","protected":false},"excerpt":{"rendered":"<p>Dac\u0103 vrei s\u0103 alegi o trotinet\u0103 electric\u0103 care poate fi folosit\u0103 \u00een continuare? Deci da, atunci ZERO 11X-EXTREME este trotineta perfect\u0103 pentru tine! Cu o vitez\u0103 maxim\u0103 de 110 km\/h \u0219i o raz\u0103 de ac\u021bionare de 160 km, trotineta nu poate fi folosit\u0103 nic\u0103ieri. Cu un motor de 3600 wa\u021bi, zgomotul este ridicat \u0219i arde rapid. \u00cen plus, benzile de aer de 11 inch sunt ideale pentru o plimbare relaxat\u0103, cu picioarele pe p\u0103m\u00e2nt. Acum te-ai mutat \u00eentr-o trotinet\u0103 electric\u0103 cu trac\u021biune pe dou\u0103 ro\u021bi pentru o experien\u021b\u0103 de plimbare diferit\u0103, ZERO 11X-EXTREME este instrumentul perfect.<\/p>","protected":false},"featured_media":5507,"template":"","meta":{"inline_featured_image":false},"product_cat":[80,58],"product_tag":[59,60,61,62],"class_list":["post-5495","product","type-product","status-publish","has-post-thumbnail","hentry","product_cat-alle-producten","product_cat-elektrische-step-kopen","product_tag-e-bike","product_tag-e-scooter","product_tag-e-step","product_tag-elektrische-step"],"acf":[],"_links":{"self":[{"href":"https:\/\/www.easygo-cee.com\/ro\/wp-json\/wp\/v2\/product\/5495","targetHints":{"allow":["GET"]}}],"collection":[{"href":"https:\/\/www.easygo-cee.com\/ro\/wp-json\/wp\/v2\/product"}],"about":[{"href":"https:\/\/www.easygo-cee.com\/ro\/wp-json\/wp\/v2\/types\/product"}],"wp:featuredmedia":[{"embeddable":true,"href":"https:\/\/www.easygo-cee.com\/ro\/wp-json\/wp\/v2\/media\/5507"}],"wp:attachment":[{"href":"https:\/\/www.easygo-cee.com\/ro\/wp-json\/wp\/v2\/media?parent=5495"}],"wp:term":[{"taxonomy":"product_cat","embeddable":true,"href":"https:\/\/www.easygo-cee.com\/ro\/wp-json\/wp\/v2\/product_cat?post=5495"},{"taxonomy":"product_tag","embeddable":true,"href":"https:\/\/www.easygo-cee.com\/ro\/wp-json\/wp\/v2\/product_tag?post=5495"}],"curies":[{"name":"wp","href":"https:\/\/api.w.org\/{rel}","templated":true}]}}