{"id":7111,"date":"2021-04-08T20:42:02","date_gmt":"2021-04-08T18:42:02","guid":{"rendered":"https:\/\/www.easygo-cee.com\/?post_type=product&#038;p=7111"},"modified":"2023-03-23T10:46:04","modified_gmt":"2023-03-23T09:46:04","slug":"fundot-epro","status":"publish","type":"product","link":"https:\/\/www.easygo-cee.com\/ro\/produs\/fundot-epro\/","title":{"rendered":"Fundot ePRO+"},"content":{"rendered":"","protected":false},"excerpt":{"rendered":"<p>Trotineta electric\u0103 are o surs\u0103 de alimentare excelent\u0103! Trotineta electric\u0103 Fundot ePRO+ are un motor puternic de 350 wa\u021bi \u0219i o autonomie de 25 km, fiind perfect\u0103 pentru livrare \u00een afara ora\u0219ului. Cu o vitez\u0103 maxim\u0103 de 25 km\/h, dac\u0103 e\u0219ti la intrare, vei putea freca, iar \u00een camera mamei tale vei putea ajunge acolo. Banda de honuire de 8 inch este conceput\u0103 pentru du\u0219, iar lampa frontal\u0103 LED este instalat\u0103 astfel \u00eenc\u00e2t s\u0103 poat\u0103 fi v\u0103zut\u0103 \u0219i joia seara. Bine\u00een\u021beles, trotineta electric\u0103 Fundot ePRO+ este perfect\u0103 pentru livrare chiar \u0219i la intrarea \u00een ora\u0219.<\/p>","protected":false},"featured_media":7125,"template":"","meta":{"inline_featured_image":false},"product_cat":[80,58],"product_tag":[59,60,61,62],"class_list":["post-7111","product","type-product","status-publish","has-post-thumbnail","hentry","product_cat-alle-producten","product_cat-elektrische-step-kopen","product_tag-e-bike","product_tag-e-scooter","product_tag-e-step","product_tag-elektrische-step"],"acf":[],"_links":{"self":[{"href":"https:\/\/www.easygo-cee.com\/ro\/wp-json\/wp\/v2\/product\/7111","targetHints":{"allow":["GET"]}}],"collection":[{"href":"https:\/\/www.easygo-cee.com\/ro\/wp-json\/wp\/v2\/product"}],"about":[{"href":"https:\/\/www.easygo-cee.com\/ro\/wp-json\/wp\/v2\/types\/product"}],"wp:featuredmedia":[{"embeddable":true,"href":"https:\/\/www.easygo-cee.com\/ro\/wp-json\/wp\/v2\/media\/7125"}],"wp:attachment":[{"href":"https:\/\/www.easygo-cee.com\/ro\/wp-json\/wp\/v2\/media?parent=7111"}],"wp:term":[{"taxonomy":"product_cat","embeddable":true,"href":"https:\/\/www.easygo-cee.com\/ro\/wp-json\/wp\/v2\/product_cat?post=7111"},{"taxonomy":"product_tag","embeddable":true,"href":"https:\/\/www.easygo-cee.com\/ro\/wp-json\/wp\/v2\/product_tag?post=7111"}],"curies":[{"name":"wp","href":"https:\/\/api.w.org\/{rel}","templated":true}]}}