{"id":8421,"date":"2021-06-03T10:19:52","date_gmt":"2021-06-03T08:19:52","guid":{"rendered":"https:\/\/www.easygo-cee.com\/product\/e-move-copy\/"},"modified":"2023-05-25T09:43:29","modified_gmt":"2023-05-25T07:43:29","slug":"e-move-mi","status":"publish","type":"product","link":"https:\/\/www.easygo-cee.com\/ro\/produs\/e-move-mi\/","title":{"rendered":"e-MoVE MI+"},"content":{"rendered":"","protected":false},"excerpt":{"rendered":"<p>Hai s\u0103 plec\u0103m la drum, e-MoVE MI+ este aici! Treapta electric\u0103 puternic\u0103 \u0219i ecologic\u0103 are o vitez\u0103 maxim\u0103 de 25 km\/h \u0219i o raz\u0103 de func\u021bionare de 25 km, ceea ce este perfect pentru deplas\u0103rile \u00een ora\u0219 cu autoutilitara. De asemenea, are un motor de 350 wa\u021bi pentru performan\u021be ridicate \u0219i o band\u0103 de aerisire de 12 inch pentru o plimbare u\u0219oar\u0103. Desigur, dac\u0103 nu vrei s\u0103 economise\u0219ti bani la benzin\u0103 sau vrei s\u0103 conduci \u00eentr-un mediu mai bun, e-MoVE MI+ este solu\u021bia perfect\u0103. Acum po\u021bi sc\u0103pa de autostrad\u0103 cu un e-MoVE MI+!<\/p>","protected":false},"featured_media":15441,"template":"","meta":{"inline_featured_image":false},"product_cat":[80,166,58],"product_tag":[59,60,61,62],"class_list":["post-8421","product","type-product","status-publish","has-post-thumbnail","hentry","product_cat-alle-producten","product_cat-elektrische-scooter","product_cat-elektrische-step-kopen","product_tag-e-bike","product_tag-e-scooter","product_tag-e-step","product_tag-elektrische-step"],"acf":[],"_links":{"self":[{"href":"https:\/\/www.easygo-cee.com\/ro\/wp-json\/wp\/v2\/product\/8421","targetHints":{"allow":["GET"]}}],"collection":[{"href":"https:\/\/www.easygo-cee.com\/ro\/wp-json\/wp\/v2\/product"}],"about":[{"href":"https:\/\/www.easygo-cee.com\/ro\/wp-json\/wp\/v2\/types\/product"}],"wp:featuredmedia":[{"embeddable":true,"href":"https:\/\/www.easygo-cee.com\/ro\/wp-json\/wp\/v2\/media\/15441"}],"wp:attachment":[{"href":"https:\/\/www.easygo-cee.com\/ro\/wp-json\/wp\/v2\/media?parent=8421"}],"wp:term":[{"taxonomy":"product_cat","embeddable":true,"href":"https:\/\/www.easygo-cee.com\/ro\/wp-json\/wp\/v2\/product_cat?post=8421"},{"taxonomy":"product_tag","embeddable":true,"href":"https:\/\/www.easygo-cee.com\/ro\/wp-json\/wp\/v2\/product_tag?post=8421"}],"curies":[{"name":"wp","href":"https:\/\/api.w.org\/{rel}","templated":true}]}}