{"id":8442,"date":"2021-06-03T11:01:18","date_gmt":"2021-06-03T09:01:18","guid":{"rendered":"https:\/\/www.easygo-cee.com\/product\/easygo-extreme-zwart-copy-2\/"},"modified":"2023-06-18T12:08:58","modified_gmt":"2023-06-18T10:08:58","slug":"x1-nitro","status":"publish","type":"product","link":"https:\/\/www.easygo-cee.com\/ro\/produs\/x1-nitro\/","title":{"rendered":"X1 e-NiTRO"},"content":{"rendered":"","protected":false},"excerpt":{"rendered":"<p>Ce zice\u021bi de o trotinet\u0103 electric\u0103 care poate fi asamblat\u0103 rapid? Cump\u0103ra\u021bi acum X1 e-NiTRO! Trotineta are o vitez\u0103 maxim\u0103 de 55 km\/h, ceea ce este perfect pentru vitez\u0103 \u0219i deplas\u0103ri rapide din ora\u0219 p\u00e2n\u0103 \u00een r\u00e2u. \u00cen plus, cu un motor de 1000 wa\u021bi, exist\u0103 suficient zgomot pentru ca hevelele s\u0103 zboare \u0219i s\u0103 dep\u0103\u0219easc\u0103 toate obstacolele \u00een orice fel. Benzile de aterizare de 10 inch sunt gata pentru o plimbare pe canapea, sunt pe \u0219osea. Dac\u0103 ave\u021bi o raz\u0103 de operare de 70 km, pute\u021bi face bateria s\u0103 func\u021bioneze. V-a\u021bi trezit? Nu ve\u021bi putea lucra mai eficient cu X1 e-NiTRO!<\/p>","protected":false},"featured_media":8444,"template":"","meta":{"inline_featured_image":false},"product_cat":[80,58],"product_tag":[59,60,61,62],"class_list":["post-8442","product","type-product","status-publish","has-post-thumbnail","hentry","product_cat-alle-producten","product_cat-elektrische-step-kopen","product_tag-e-bike","product_tag-e-scooter","product_tag-e-step","product_tag-elektrische-step"],"acf":[],"_links":{"self":[{"href":"https:\/\/www.easygo-cee.com\/ro\/wp-json\/wp\/v2\/product\/8442","targetHints":{"allow":["GET"]}}],"collection":[{"href":"https:\/\/www.easygo-cee.com\/ro\/wp-json\/wp\/v2\/product"}],"about":[{"href":"https:\/\/www.easygo-cee.com\/ro\/wp-json\/wp\/v2\/types\/product"}],"wp:featuredmedia":[{"embeddable":true,"href":"https:\/\/www.easygo-cee.com\/ro\/wp-json\/wp\/v2\/media\/8444"}],"wp:attachment":[{"href":"https:\/\/www.easygo-cee.com\/ro\/wp-json\/wp\/v2\/media?parent=8442"}],"wp:term":[{"taxonomy":"product_cat","embeddable":true,"href":"https:\/\/www.easygo-cee.com\/ro\/wp-json\/wp\/v2\/product_cat?post=8442"},{"taxonomy":"product_tag","embeddable":true,"href":"https:\/\/www.easygo-cee.com\/ro\/wp-json\/wp\/v2\/product_tag?post=8442"}],"curies":[{"name":"wp","href":"https:\/\/api.w.org\/{rel}","templated":true}]}}